{"id":1826,"date":"2022-10-10T13:54:35","date_gmt":"2022-10-10T16:54:35","guid":{"rendered":"https:\/\/www.madeireiraboituva.com.br\/?page_id=1826"},"modified":"2022-10-11T08:50:49","modified_gmt":"2022-10-11T11:50:49","slug":"portoes-sob-medida","status":"publish","type":"page","link":"https:\/\/www.madeireiraboituva.com.br\/index.php\/portoes-sob-medida\/","title":{"rendered":"Port\u00f5es Sob Medida"},"content":{"rendered":"<style>\/*! elementor - v3.7.8 - 02-10-2022 *\/<br \/>\n.elementor-heading-title{padding:0;margin:0;line-height:1}.elementor-widget-heading .elementor-heading-title[class*=elementor-size-]>a{color:inherit;font-size:inherit;line-height:inherit}.elementor-widget-heading .elementor-heading-title.elementor-size-small{font-size:15px}.elementor-widget-heading .elementor-heading-title.elementor-size-medium{font-size:19px}.elementor-widget-heading .elementor-heading-title.elementor-size-large{font-size:29px}.elementor-widget-heading .elementor-heading-title.elementor-size-xl{font-size:39px}.elementor-widget-heading .elementor-heading-title.elementor-size-xxl{font-size:59px}<\/style>\n<h2>Port\u00f5es Sob Medida<\/h2>\n<p>Fabricamos sob medida em madeiras de alta qualidade, garantindo beleza, resist\u00eancia e seguran\u00e7a para sua casa.<\/p>\n<style>\/*! elementor - v3.7.8 - 02-10-2022 *\/<br \/>\n.elementor-image-gallery .gallery-item{display:inline-block;text-align:center;vertical-align:top;width:100%;max-width:100%;margin:0 auto}.elementor-image-gallery .gallery-item img{margin:0 auto}.elementor-image-gallery .gallery-item .gallery-caption{margin:0}.elementor-image-gallery figure img{display:block}.elementor-image-gallery figure figcaption{width:100%}.gallery-spacing-custom .elementor-image-gallery .gallery-icon{padding:0}@media (min-width:768px){.elementor-image-gallery .gallery-columns-2 .gallery-item{max-width:50%}.elementor-image-gallery .gallery-columns-3 .gallery-item{max-width:33.33%}.elementor-image-gallery .gallery-columns-4 .gallery-item{max-width:25%}.elementor-image-gallery .gallery-columns-5 .gallery-item{max-width:20%}.elementor-image-gallery .gallery-columns-6 .gallery-item{max-width:16.666%}.elementor-image-gallery .gallery-columns-7 .gallery-item{max-width:14.28%}.elementor-image-gallery .gallery-columns-8 .gallery-item{max-width:12.5%}.elementor-image-gallery .gallery-columns-9 .gallery-item{max-width:11.11%}.elementor-image-gallery .gallery-columns-10 .gallery-item{max-width:10%}}@media (min-width:480px) and (max-width:767px){.elementor-image-gallery .gallery.gallery-columns-2 .gallery-item,.elementor-image-gallery .gallery.gallery-columns-3 .gallery-item,.elementor-image-gallery .gallery.gallery-columns-4 .gallery-item,.elementor-image-gallery .gallery.gallery-columns-5 .gallery-item,.elementor-image-gallery .gallery.gallery-columns-6 .gallery-item,.elementor-image-gallery .gallery.gallery-columns-7 .gallery-item,.elementor-image-gallery .gallery.gallery-columns-8 .gallery-item,.elementor-image-gallery .gallery.gallery-columns-9 .gallery-item,.elementor-image-gallery .gallery.gallery-columns-10 .gallery-item{max-width:50%}}@media (max-width:479px){.elementor-image-gallery .gallery.gallery-columns-2 .gallery-item,.elementor-image-gallery .gallery.gallery-columns-3 .gallery-item,.elementor-image-gallery .gallery.gallery-columns-4 .gallery-item,.elementor-image-gallery .gallery.gallery-columns-5 .gallery-item,.elementor-image-gallery .gallery.gallery-columns-6 .gallery-item,.elementor-image-gallery .gallery.gallery-columns-7 .gallery-item,.elementor-image-gallery .gallery.gallery-columns-8 .gallery-item,.elementor-image-gallery .gallery.gallery-columns-9 .gallery-item,.elementor-image-gallery .gallery.gallery-columns-10 .gallery-item{max-width:100%}}<\/style>\n<figure class=\"gallery-item\">\n\t\t\t\t<a data-elementor-open-lightbox=\"yes\" data-elementor-lightbox-slideshow=\"6ff109d\" data-elementor-lightbox-title=\"WhatsApp Image 2022-03-07 at 09.41.06\" e-action-hash=\"#elementor-action%3Aaction%3Dlightbox%26settings%3DeyJpZCI6MjExNywidXJsIjoiaHR0cHM6XC9cL3d3dy5tYWRlaXJlaXJhYm9pdHV2YS5jb20uYnJcL3dwLWNvbnRlbnRcL3VwbG9hZHNcLzIwMjJcLzEwXC9XaGF0c0FwcC1JbWFnZS0yMDIyLTAzLTA3LWF0LTA5LjQxLjA2LmpwZWciLCJzbGlkZXNob3ciOiI2ZmYxMDlkIn0%3D\" href=\"https:\/\/www.madeireiraboituva.com.br\/wp-content\/uploads\/2022\/10\/WhatsApp-Image-2022-03-07-at-09.41.06.jpeg\"><img decoding=\"async\" width=\"150\" height=\"150\" src=\"https:\/\/www.madeireiraboituva.com.br\/wp-content\/uploads\/2022\/10\/WhatsApp-Image-2022-03-07-at-09.41.06-150x150.jpeg\" alt=\"\" loading=\"lazy\"><\/a><\/figure>\n<figure class=\"gallery-item\">\n\t\t\t\t<a data-elementor-open-lightbox=\"yes\" data-elementor-lightbox-slideshow=\"6ff109d\" data-elementor-lightbox-title=\"WhatsApp Image 2022-03-07 at 09.41.08\" e-action-hash=\"#elementor-action%3Aaction%3Dlightbox%26settings%3DeyJpZCI6MjExOCwidXJsIjoiaHR0cHM6XC9cL3d3dy5tYWRlaXJlaXJhYm9pdHV2YS5jb20uYnJcL3dwLWNvbnRlbnRcL3VwbG9hZHNcLzIwMjJcLzEwXC9XaGF0c0FwcC1JbWFnZS0yMDIyLTAzLTA3LWF0LTA5LjQxLjA4LmpwZWciLCJzbGlkZXNob3ciOiI2ZmYxMDlkIn0%3D\" href=\"https:\/\/www.madeireiraboituva.com.br\/wp-content\/uploads\/2022\/10\/WhatsApp-Image-2022-03-07-at-09.41.08.jpeg\"><img decoding=\"async\" width=\"150\" height=\"150\" src=\"https:\/\/www.madeireiraboituva.com.br\/wp-content\/uploads\/2022\/10\/WhatsApp-Image-2022-03-07-at-09.41.08-150x150.jpeg\" alt=\"\" loading=\"lazy\"><\/a><\/figure>\n","protected":false},"excerpt":{"rendered":"<p>Port\u00f5es Sob Medida Fabricamos sob medida em madeiras de alta qualidade, garantindo beleza, resist\u00eancia e seguran\u00e7a para sua casa.<\/p>\n","protected":false},"author":1,"featured_media":0,"parent":0,"menu_order":0,"comment_status":"closed","ping_status":"closed","template":"","meta":{"_joinchat":[],"footnotes":""},"class_list":["post-1826","page","type-page","status-publish","hentry"],"jetpack_sharing_enabled":true,"_links":{"self":[{"href":"https:\/\/www.madeireiraboituva.com.br\/index.php\/wp-json\/wp\/v2\/pages\/1826","targetHints":{"allow":["GET"]}}],"collection":[{"href":"https:\/\/www.madeireiraboituva.com.br\/index.php\/wp-json\/wp\/v2\/pages"}],"about":[{"href":"https:\/\/www.madeireiraboituva.com.br\/index.php\/wp-json\/wp\/v2\/types\/page"}],"author":[{"embeddable":true,"href":"https:\/\/www.madeireiraboituva.com.br\/index.php\/wp-json\/wp\/v2\/users\/1"}],"replies":[{"embeddable":true,"href":"https:\/\/www.madeireiraboituva.com.br\/index.php\/wp-json\/wp\/v2\/comments?post=1826"}],"version-history":[{"count":8,"href":"https:\/\/www.madeireiraboituva.com.br\/index.php\/wp-json\/wp\/v2\/pages\/1826\/revisions"}],"predecessor-version":[{"id":2162,"href":"https:\/\/www.madeireiraboituva.com.br\/index.php\/wp-json\/wp\/v2\/pages\/1826\/revisions\/2162"}],"wp:attachment":[{"href":"https:\/\/www.madeireiraboituva.com.br\/index.php\/wp-json\/wp\/v2\/media?parent=1826"}],"curies":[{"name":"wp","href":"https:\/\/api.w.org\/{rel}","templated":true}]}}