{"id":1822,"date":"2022-10-10T13:54:08","date_gmt":"2022-10-10T16:54:08","guid":{"rendered":"https:\/\/www.madeireiraboituva.com.br\/?page_id=1822"},"modified":"2022-10-11T08:52:34","modified_gmt":"2022-10-11T11:52:34","slug":"pregos-arames-e-ferragens","status":"publish","type":"page","link":"https:\/\/www.madeireiraboituva.com.br\/index.php\/pregos-arames-e-ferragens\/","title":{"rendered":"Pregos, Arames e Ferragens"},"content":{"rendered":"<style>\/*! elementor - v3.7.8 - 02-10-2022 *\/<br \/>\n.elementor-heading-title{padding:0;margin:0;line-height:1}.elementor-widget-heading .elementor-heading-title[class*=elementor-size-]>a{color:inherit;font-size:inherit;line-height:inherit}.elementor-widget-heading .elementor-heading-title.elementor-size-small{font-size:15px}.elementor-widget-heading .elementor-heading-title.elementor-size-medium{font-size:19px}.elementor-widget-heading .elementor-heading-title.elementor-size-large{font-size:29px}.elementor-widget-heading .elementor-heading-title.elementor-size-xl{font-size:39px}.elementor-widget-heading .elementor-heading-title.elementor-size-xxl{font-size:59px}<\/style>\n<h2>Arame Recozido<\/h2>\n<p>O&nbsp;arame recozido&nbsp;pode ser utilizado de v\u00e1rias formas, mas as mais comuns est\u00e3o ligadas \u00e0 amarra\u00e7\u00e3o de armaduras de concreto armado e ao posicionamento de f\u00f4rmas de madeira.<\/p>\n<style>\/*! elementor - v3.7.8 - 02-10-2022 *\/<br \/>\n.elementor-image-gallery .gallery-item{display:inline-block;text-align:center;vertical-align:top;width:100%;max-width:100%;margin:0 auto}.elementor-image-gallery .gallery-item img{margin:0 auto}.elementor-image-gallery .gallery-item .gallery-caption{margin:0}.elementor-image-gallery figure img{display:block}.elementor-image-gallery figure figcaption{width:100%}.gallery-spacing-custom .elementor-image-gallery .gallery-icon{padding:0}@media (min-width:768px){.elementor-image-gallery .gallery-columns-2 .gallery-item{max-width:50%}.elementor-image-gallery .gallery-columns-3 .gallery-item{max-width:33.33%}.elementor-image-gallery .gallery-columns-4 .gallery-item{max-width:25%}.elementor-image-gallery .gallery-columns-5 .gallery-item{max-width:20%}.elementor-image-gallery .gallery-columns-6 .gallery-item{max-width:16.666%}.elementor-image-gallery .gallery-columns-7 .gallery-item{max-width:14.28%}.elementor-image-gallery .gallery-columns-8 .gallery-item{max-width:12.5%}.elementor-image-gallery .gallery-columns-9 .gallery-item{max-width:11.11%}.elementor-image-gallery .gallery-columns-10 .gallery-item{max-width:10%}}@media (min-width:480px) and (max-width:767px){.elementor-image-gallery .gallery.gallery-columns-2 .gallery-item,.elementor-image-gallery .gallery.gallery-columns-3 .gallery-item,.elementor-image-gallery .gallery.gallery-columns-4 .gallery-item,.elementor-image-gallery .gallery.gallery-columns-5 .gallery-item,.elementor-image-gallery .gallery.gallery-columns-6 .gallery-item,.elementor-image-gallery .gallery.gallery-columns-7 .gallery-item,.elementor-image-gallery .gallery.gallery-columns-8 .gallery-item,.elementor-image-gallery .gallery.gallery-columns-9 .gallery-item,.elementor-image-gallery .gallery.gallery-columns-10 .gallery-item{max-width:50%}}@media (max-width:479px){.elementor-image-gallery .gallery.gallery-columns-2 .gallery-item,.elementor-image-gallery .gallery.gallery-columns-3 .gallery-item,.elementor-image-gallery .gallery.gallery-columns-4 .gallery-item,.elementor-image-gallery .gallery.gallery-columns-5 .gallery-item,.elementor-image-gallery .gallery.gallery-columns-6 .gallery-item,.elementor-image-gallery .gallery.gallery-columns-7 .gallery-item,.elementor-image-gallery .gallery.gallery-columns-8 .gallery-item,.elementor-image-gallery .gallery.gallery-columns-9 .gallery-item,.elementor-image-gallery .gallery.gallery-columns-10 .gallery-item{max-width:100%}}<\/style>\n<figure class=\"gallery-item\">\n\t\t\t\t<a data-elementor-open-lightbox=\"yes\" data-elementor-lightbox-slideshow=\"6a20c9f\" data-elementor-lightbox-title=\"WhatsApp Image 2022-03-07 at 09.35.27\" e-action-hash=\"#elementor-action%3Aaction%3Dlightbox%26settings%3DeyJpZCI6MjEyMywidXJsIjoiaHR0cHM6XC9cL3d3dy5tYWRlaXJlaXJhYm9pdHV2YS5jb20uYnJcL3dwLWNvbnRlbnRcL3VwbG9hZHNcLzIwMjJcLzEwXC9XaGF0c0FwcC1JbWFnZS0yMDIyLTAzLTA3LWF0LTA5LjM1LjI3LmpwZWciLCJzbGlkZXNob3ciOiI2YTIwYzlmIn0%3D\" href=\"https:\/\/www.madeireiraboituva.com.br\/wp-content\/uploads\/2022\/10\/WhatsApp-Image-2022-03-07-at-09.35.27.jpeg\"><img decoding=\"async\" width=\"150\" height=\"150\" src=\"https:\/\/www.madeireiraboituva.com.br\/wp-content\/uploads\/2022\/10\/WhatsApp-Image-2022-03-07-at-09.35.27-150x150.jpeg\" alt=\"\" loading=\"lazy\" srcset=\"https:\/\/www.madeireiraboituva.com.br\/wp-content\/uploads\/2022\/10\/WhatsApp-Image-2022-03-07-at-09.35.27-150x150.jpeg 150w, https:\/\/www.madeireiraboituva.com.br\/wp-content\/uploads\/2022\/10\/WhatsApp-Image-2022-03-07-at-09.35.27.jpeg 250w\" sizes=\"auto, (max-width: 150px) 100vw, 150px\"><\/a><\/figure>\n<h2>Ferragens Para Tesoura<\/h2>\n<p>Ferragens para constru\u00e7\u00e3o do seu telhado.<\/p>\n<figure class=\"gallery-item\">\n\t\t\t\t<a data-elementor-open-lightbox=\"yes\" data-elementor-lightbox-slideshow=\"7e50ad7\" data-elementor-lightbox-title=\"WhatsApp Image 2022-03-07 at 09.35.36\" e-action-hash=\"#elementor-action%3Aaction%3Dlightbox%26settings%3DeyJpZCI6MjEyNCwidXJsIjoiaHR0cHM6XC9cL3d3dy5tYWRlaXJlaXJhYm9pdHV2YS5jb20uYnJcL3dwLWNvbnRlbnRcL3VwbG9hZHNcLzIwMjJcLzEwXC9XaGF0c0FwcC1JbWFnZS0yMDIyLTAzLTA3LWF0LTA5LjM1LjM2LmpwZWciLCJzbGlkZXNob3ciOiI3ZTUwYWQ3In0%3D\" href=\"https:\/\/www.madeireiraboituva.com.br\/wp-content\/uploads\/2022\/10\/WhatsApp-Image-2022-03-07-at-09.35.36.jpeg\"><img decoding=\"async\" width=\"150\" height=\"150\" src=\"https:\/\/www.madeireiraboituva.com.br\/wp-content\/uploads\/2022\/10\/WhatsApp-Image-2022-03-07-at-09.35.36-150x150.jpeg\" alt=\"\" loading=\"lazy\" srcset=\"https:\/\/www.madeireiraboituva.com.br\/wp-content\/uploads\/2022\/10\/WhatsApp-Image-2022-03-07-at-09.35.36-150x150.jpeg 150w, https:\/\/www.madeireiraboituva.com.br\/wp-content\/uploads\/2022\/10\/WhatsApp-Image-2022-03-07-at-09.35.36-300x300.jpeg 300w, https:\/\/www.madeireiraboituva.com.br\/wp-content\/uploads\/2022\/10\/WhatsApp-Image-2022-03-07-at-09.35.36.jpeg 400w\" sizes=\"auto, (max-width: 150px) 100vw, 150px\"><\/a><\/figure>\n<h2>Grampos<\/h2>\n<p>Os grampos para cerca galvanizados s\u00e3o ideais para fixa\u00e7\u00e3o de arames e alambrados em mour\u00f5es de madeira.<\/p>\n<figure class=\"gallery-item\">\n\t\t\t\t<a data-elementor-open-lightbox=\"yes\" data-elementor-lightbox-slideshow=\"936baa7\" data-elementor-lightbox-title=\"WhatsApp Image 2022-03-07 at 09.35.49\" e-action-hash=\"#elementor-action%3Aaction%3Dlightbox%26settings%3DeyJpZCI6MjEyNiwidXJsIjoiaHR0cHM6XC9cL3d3dy5tYWRlaXJlaXJhYm9pdHV2YS5jb20uYnJcL3dwLWNvbnRlbnRcL3VwbG9hZHNcLzIwMjJcLzEwXC9XaGF0c0FwcC1JbWFnZS0yMDIyLTAzLTA3LWF0LTA5LjM1LjQ5LmpwZWciLCJzbGlkZXNob3ciOiI5MzZiYWE3In0%3D\" href=\"https:\/\/www.madeireiraboituva.com.br\/wp-content\/uploads\/2022\/10\/WhatsApp-Image-2022-03-07-at-09.35.49.jpeg\"><img decoding=\"async\" width=\"150\" height=\"150\" src=\"https:\/\/www.madeireiraboituva.com.br\/wp-content\/uploads\/2022\/10\/WhatsApp-Image-2022-03-07-at-09.35.49-150x150.jpeg\" alt=\"\" loading=\"lazy\"><\/a><\/figure>\n<h2>Parafuso Para Telha De Fibrocimento<\/h2>\n<p>O&nbsp;Parafuso&nbsp;PRF10 \u00e9 utilizado na fixa\u00e7\u00e3o das&nbsp;telhas&nbsp;e pe\u00e7as de concord\u00e2ncia em ter\u00e7as de madeira, juntamente com o conjunto de veda\u00e7\u00e3o el\u00e1stica.<\/p>\n<figure class=\"gallery-item\">\n\t\t\t\t<a data-elementor-open-lightbox=\"yes\" data-elementor-lightbox-slideshow=\"c203de2\" data-elementor-lightbox-title=\"WhatsApp Image 2022-03-07 at 09.36.07\" e-action-hash=\"#elementor-action%3Aaction%3Dlightbox%26settings%3DeyJpZCI6MjEyNSwidXJsIjoiaHR0cHM6XC9cL3d3dy5tYWRlaXJlaXJhYm9pdHV2YS5jb20uYnJcL3dwLWNvbnRlbnRcL3VwbG9hZHNcLzIwMjJcLzEwXC9XaGF0c0FwcC1JbWFnZS0yMDIyLTAzLTA3LWF0LTA5LjM2LjA3LmpwZWciLCJzbGlkZXNob3ciOiJjMjAzZGUyIn0%3D\" href=\"https:\/\/www.madeireiraboituva.com.br\/wp-content\/uploads\/2022\/10\/WhatsApp-Image-2022-03-07-at-09.36.07.jpeg\"><img decoding=\"async\" width=\"150\" height=\"150\" src=\"https:\/\/www.madeireiraboituva.com.br\/wp-content\/uploads\/2022\/10\/WhatsApp-Image-2022-03-07-at-09.36.07-150x150.jpeg\" alt=\"\" loading=\"lazy\"><\/a><\/figure>\n<h2>Pregos<\/h2>\n<p>Pregos diversos<\/p>\n<figure class=\"gallery-item\">\n\t\t\t\t<a data-elementor-open-lightbox=\"yes\" data-elementor-lightbox-slideshow=\"9c548eb\" data-elementor-lightbox-title=\"WhatsApp Image 2022-03-07 at 09.36.25\" e-action-hash=\"#elementor-action%3Aaction%3Dlightbox%26settings%3DeyJpZCI6MjEyNywidXJsIjoiaHR0cHM6XC9cL3d3dy5tYWRlaXJlaXJhYm9pdHV2YS5jb20uYnJcL3dwLWNvbnRlbnRcL3VwbG9hZHNcLzIwMjJcLzEwXC9XaGF0c0FwcC1JbWFnZS0yMDIyLTAzLTA3LWF0LTA5LjM2LjI1LmpwZWciLCJzbGlkZXNob3ciOiI5YzU0OGViIn0%3D\" href=\"https:\/\/www.madeireiraboituva.com.br\/wp-content\/uploads\/2022\/10\/WhatsApp-Image-2022-03-07-at-09.36.25.jpeg\"><img decoding=\"async\" width=\"150\" height=\"150\" src=\"https:\/\/www.madeireiraboituva.com.br\/wp-content\/uploads\/2022\/10\/WhatsApp-Image-2022-03-07-at-09.36.25-150x150.jpeg\" alt=\"\" loading=\"lazy\"><\/a><\/figure>\n<figure class=\"gallery-item\">\n\t\t\t\t<a data-elementor-open-lightbox=\"yes\" data-elementor-lightbox-slideshow=\"9c548eb\" data-elementor-lightbox-title=\"WhatsApp Image 2022-03-07 at 09.36.15\" e-action-hash=\"#elementor-action%3Aaction%3Dlightbox%26settings%3DeyJpZCI6MjEyOCwidXJsIjoiaHR0cHM6XC9cL3d3dy5tYWRlaXJlaXJhYm9pdHV2YS5jb20uYnJcL3dwLWNvbnRlbnRcL3VwbG9hZHNcLzIwMjJcLzEwXC9XaGF0c0FwcC1JbWFnZS0yMDIyLTAzLTA3LWF0LTA5LjM2LjE1LmpwZWciLCJzbGlkZXNob3ciOiI5YzU0OGViIn0%3D\" href=\"https:\/\/www.madeireiraboituva.com.br\/wp-content\/uploads\/2022\/10\/WhatsApp-Image-2022-03-07-at-09.36.15.jpeg\"><img decoding=\"async\" width=\"150\" height=\"150\" src=\"https:\/\/www.madeireiraboituva.com.br\/wp-content\/uploads\/2022\/10\/WhatsApp-Image-2022-03-07-at-09.36.15-150x150.jpeg\" alt=\"\" loading=\"lazy\"><\/a><\/figure>\n<figure class=\"gallery-item\">\n\t\t\t\t<a data-elementor-open-lightbox=\"yes\" data-elementor-lightbox-slideshow=\"9c548eb\" data-elementor-lightbox-title=\"WhatsApp Image 2022-03-07 at 09.36.36\" e-action-hash=\"#elementor-action%3Aaction%3Dlightbox%26settings%3DeyJpZCI6MjEyOSwidXJsIjoiaHR0cHM6XC9cL3d3dy5tYWRlaXJlaXJhYm9pdHV2YS5jb20uYnJcL3dwLWNvbnRlbnRcL3VwbG9hZHNcLzIwMjJcLzEwXC9XaGF0c0FwcC1JbWFnZS0yMDIyLTAzLTA3LWF0LTA5LjM2LjM2LmpwZWciLCJzbGlkZXNob3ciOiI5YzU0OGViIn0%3D\" href=\"https:\/\/www.madeireiraboituva.com.br\/wp-content\/uploads\/2022\/10\/WhatsApp-Image-2022-03-07-at-09.36.36.jpeg\"><img decoding=\"async\" width=\"150\" height=\"150\" src=\"https:\/\/www.madeireiraboituva.com.br\/wp-content\/uploads\/2022\/10\/WhatsApp-Image-2022-03-07-at-09.36.36-150x150.jpeg\" alt=\"\" loading=\"lazy\"><\/a><\/figure>\n","protected":false},"excerpt":{"rendered":"<p>Arame Recozido O&nbsp;arame recozido&nbsp;pode ser utilizado de v\u00e1rias formas, mas as mais comuns est\u00e3o ligadas \u00e0 amarra\u00e7\u00e3o de armaduras de concreto armado e ao posicionamento de f\u00f4rmas de madeira. Ferragens Para Tesoura Ferragens para constru\u00e7\u00e3o do seu telhado. Grampos Os grampos para cerca galvanizados s\u00e3o ideais para fixa\u00e7\u00e3o de arames e alambrados em mour\u00f5es de [&hellip;]<\/p>\n","protected":false},"author":1,"featured_media":0,"parent":0,"menu_order":0,"comment_status":"closed","ping_status":"closed","template":"","meta":{"_joinchat":[],"footnotes":""},"class_list":["post-1822","page","type-page","status-publish","hentry"],"jetpack_sharing_enabled":true,"_links":{"self":[{"href":"https:\/\/www.madeireiraboituva.com.br\/index.php\/wp-json\/wp\/v2\/pages\/1822","targetHints":{"allow":["GET"]}}],"collection":[{"href":"https:\/\/www.madeireiraboituva.com.br\/index.php\/wp-json\/wp\/v2\/pages"}],"about":[{"href":"https:\/\/www.madeireiraboituva.com.br\/index.php\/wp-json\/wp\/v2\/types\/page"}],"author":[{"embeddable":true,"href":"https:\/\/www.madeireiraboituva.com.br\/index.php\/wp-json\/wp\/v2\/users\/1"}],"replies":[{"embeddable":true,"href":"https:\/\/www.madeireiraboituva.com.br\/index.php\/wp-json\/wp\/v2\/comments?post=1822"}],"version-history":[{"count":17,"href":"https:\/\/www.madeireiraboituva.com.br\/index.php\/wp-json\/wp\/v2\/pages\/1822\/revisions"}],"predecessor-version":[{"id":2164,"href":"https:\/\/www.madeireiraboituva.com.br\/index.php\/wp-json\/wp\/v2\/pages\/1822\/revisions\/2164"}],"wp:attachment":[{"href":"https:\/\/www.madeireiraboituva.com.br\/index.php\/wp-json\/wp\/v2\/media?parent=1822"}],"curies":[{"name":"wp","href":"https:\/\/api.w.org\/{rel}","templated":true}]}}