{"id":1810,"date":"2022-10-10T13:52:38","date_gmt":"2022-10-10T16:52:38","guid":{"rendered":"https:\/\/www.madeireiraboituva.com.br\/?page_id=1810"},"modified":"2022-10-11T08:55:18","modified_gmt":"2022-10-11T11:55:18","slug":"tabuas-e-sarrafos","status":"publish","type":"page","link":"https:\/\/www.madeireiraboituva.com.br\/index.php\/tabuas-e-sarrafos\/","title":{"rendered":"Tabuas e Sarrafos"},"content":{"rendered":"<style>\/*! elementor - v3.7.8 - 02-10-2022 *\/<br \/>\n.elementor-heading-title{padding:0;margin:0;line-height:1}.elementor-widget-heading .elementor-heading-title[class*=elementor-size-]>a{color:inherit;font-size:inherit;line-height:inherit}.elementor-widget-heading .elementor-heading-title.elementor-size-small{font-size:15px}.elementor-widget-heading .elementor-heading-title.elementor-size-medium{font-size:19px}.elementor-widget-heading .elementor-heading-title.elementor-size-large{font-size:29px}.elementor-widget-heading .elementor-heading-title.elementor-size-xl{font-size:39px}.elementor-widget-heading .elementor-heading-title.elementor-size-xxl{font-size:59px}<\/style>\n<h2>Madeiramento em Cupiuba<\/h2>\n<p>A&nbsp;madeira cupi\u00faba&nbsp;\u00e9 bastante conhecida como peroba do norte, principalmente na regi\u00e3o do estado do Mato Grosso. No Maranh\u00e3o \u00e9 conhecida por cachaceiro. Ainda pode ser encontrada pelos nomes: copi\u00faba,&nbsp;cupi\u00faba-rosa, peroba-vermelha e peniqueiro.<\/p>\n<style>\/*! elementor - v3.7.8 - 02-10-2022 *\/<br \/>\n.elementor-image-gallery .gallery-item{display:inline-block;text-align:center;vertical-align:top;width:100%;max-width:100%;margin:0 auto}.elementor-image-gallery .gallery-item img{margin:0 auto}.elementor-image-gallery .gallery-item .gallery-caption{margin:0}.elementor-image-gallery figure img{display:block}.elementor-image-gallery figure figcaption{width:100%}.gallery-spacing-custom .elementor-image-gallery .gallery-icon{padding:0}@media (min-width:768px){.elementor-image-gallery .gallery-columns-2 .gallery-item{max-width:50%}.elementor-image-gallery .gallery-columns-3 .gallery-item{max-width:33.33%}.elementor-image-gallery .gallery-columns-4 .gallery-item{max-width:25%}.elementor-image-gallery .gallery-columns-5 .gallery-item{max-width:20%}.elementor-image-gallery .gallery-columns-6 .gallery-item{max-width:16.666%}.elementor-image-gallery .gallery-columns-7 .gallery-item{max-width:14.28%}.elementor-image-gallery .gallery-columns-8 .gallery-item{max-width:12.5%}.elementor-image-gallery .gallery-columns-9 .gallery-item{max-width:11.11%}.elementor-image-gallery .gallery-columns-10 .gallery-item{max-width:10%}}@media (min-width:480px) and (max-width:767px){.elementor-image-gallery .gallery.gallery-columns-2 .gallery-item,.elementor-image-gallery .gallery.gallery-columns-3 .gallery-item,.elementor-image-gallery .gallery.gallery-columns-4 .gallery-item,.elementor-image-gallery .gallery.gallery-columns-5 .gallery-item,.elementor-image-gallery .gallery.gallery-columns-6 .gallery-item,.elementor-image-gallery .gallery.gallery-columns-7 .gallery-item,.elementor-image-gallery .gallery.gallery-columns-8 .gallery-item,.elementor-image-gallery .gallery.gallery-columns-9 .gallery-item,.elementor-image-gallery .gallery.gallery-columns-10 .gallery-item{max-width:50%}}@media (max-width:479px){.elementor-image-gallery .gallery.gallery-columns-2 .gallery-item,.elementor-image-gallery .gallery.gallery-columns-3 .gallery-item,.elementor-image-gallery .gallery.gallery-columns-4 .gallery-item,.elementor-image-gallery .gallery.gallery-columns-5 .gallery-item,.elementor-image-gallery .gallery.gallery-columns-6 .gallery-item,.elementor-image-gallery .gallery.gallery-columns-7 .gallery-item,.elementor-image-gallery .gallery.gallery-columns-8 .gallery-item,.elementor-image-gallery .gallery.gallery-columns-9 .gallery-item,.elementor-image-gallery .gallery.gallery-columns-10 .gallery-item{max-width:100%}}<\/style>\n<figure class=\"gallery-item\">\n\t\t\t\t<a data-elementor-open-lightbox=\"yes\" data-elementor-lightbox-slideshow=\"9842bc4\" data-elementor-lightbox-title=\"WhatsApp Image 2022-03-07 at 09.17.49\" e-action-hash=\"#elementor-action%3Aaction%3Dlightbox%26settings%3DeyJpZCI6MjA3OSwidXJsIjoiaHR0cHM6XC9cL3d3dy5tYWRlaXJlaXJhYm9pdHV2YS5jb20uYnJcL3dwLWNvbnRlbnRcL3VwbG9hZHNcLzIwMjJcLzEwXC9XaGF0c0FwcC1JbWFnZS0yMDIyLTAzLTA3LWF0LTA5LjE3LjQ5LmpwZWciLCJzbGlkZXNob3ciOiI5ODQyYmM0In0%3D\" href=\"https:\/\/www.madeireiraboituva.com.br\/wp-content\/uploads\/2022\/10\/WhatsApp-Image-2022-03-07-at-09.17.49.jpeg\"><img decoding=\"async\" width=\"150\" height=\"150\" src=\"https:\/\/www.madeireiraboituva.com.br\/wp-content\/uploads\/2022\/10\/WhatsApp-Image-2022-03-07-at-09.17.49-150x150.jpeg\" alt=\"\" loading=\"lazy\" srcset=\"https:\/\/www.madeireiraboituva.com.br\/wp-content\/uploads\/2022\/10\/WhatsApp-Image-2022-03-07-at-09.17.49-150x150.jpeg 150w, https:\/\/www.madeireiraboituva.com.br\/wp-content\/uploads\/2022\/10\/WhatsApp-Image-2022-03-07-at-09.17.49.jpeg 165w\" sizes=\"auto, (max-width: 150px) 100vw, 150px\"><\/a><\/figure>\n<h2>Madeiramento em Cambar\u00e1<\/h2>\n<p>A madeira cambar\u00e1 \u00e9 um tipo de madeira muito conhecida pela sua resist\u00eancia \u00e0 \u00e1gua e climas \u00famidos. O que quer dizer que ela, diferente de outras madeiras, como a&nbsp;madeira eucalipto,&nbsp;madeira tauari, n\u00e3o incha ou deforma quando em contato direto com a \u00e1gua.<\/p>\n<figure class=\"gallery-item\">\n\t\t\t\t<a data-elementor-open-lightbox=\"yes\" data-elementor-lightbox-slideshow=\"410742a\" data-elementor-lightbox-title=\"WhatsApp Image 2022-03-07 at 09.16.41\" e-action-hash=\"#elementor-action%3Aaction%3Dlightbox%26settings%3DeyJpZCI6MjA4MywidXJsIjoiaHR0cHM6XC9cL3d3dy5tYWRlaXJlaXJhYm9pdHV2YS5jb20uYnJcL3dwLWNvbnRlbnRcL3VwbG9hZHNcLzIwMjJcLzEwXC9XaGF0c0FwcC1JbWFnZS0yMDIyLTAzLTA3LWF0LTA5LjE2LjQxLmpwZWciLCJzbGlkZXNob3ciOiI0MTA3NDJhIn0%3D\" href=\"https:\/\/www.madeireiraboituva.com.br\/wp-content\/uploads\/2022\/10\/WhatsApp-Image-2022-03-07-at-09.16.41.jpeg\"><img decoding=\"async\" width=\"150\" height=\"150\" src=\"https:\/\/www.madeireiraboituva.com.br\/wp-content\/uploads\/2022\/10\/WhatsApp-Image-2022-03-07-at-09.16.41-150x150.jpeg\" alt=\"\" loading=\"lazy\" srcset=\"https:\/\/www.madeireiraboituva.com.br\/wp-content\/uploads\/2022\/10\/WhatsApp-Image-2022-03-07-at-09.16.41-150x150.jpeg 150w, https:\/\/www.madeireiraboituva.com.br\/wp-content\/uploads\/2022\/10\/WhatsApp-Image-2022-03-07-at-09.16.41.jpeg 175w\" sizes=\"auto, (max-width: 150px) 100vw, 150px\"><\/a><\/figure>\n<figure class=\"gallery-item\">\n\t\t\t\t<a data-elementor-open-lightbox=\"yes\" data-elementor-lightbox-slideshow=\"410742a\" data-elementor-lightbox-title=\"WhatsApp Image 2022-03-07 at 09.16.32\" e-action-hash=\"#elementor-action%3Aaction%3Dlightbox%26settings%3DeyJpZCI6MjA4NCwidXJsIjoiaHR0cHM6XC9cL3d3dy5tYWRlaXJlaXJhYm9pdHV2YS5jb20uYnJcL3dwLWNvbnRlbnRcL3VwbG9hZHNcLzIwMjJcLzEwXC9XaGF0c0FwcC1JbWFnZS0yMDIyLTAzLTA3LWF0LTA5LjE2LjMyLmpwZWciLCJzbGlkZXNob3ciOiI0MTA3NDJhIn0%3D\" href=\"https:\/\/www.madeireiraboituva.com.br\/wp-content\/uploads\/2022\/10\/WhatsApp-Image-2022-03-07-at-09.16.32.jpeg\"><img decoding=\"async\" width=\"150\" height=\"150\" src=\"https:\/\/www.madeireiraboituva.com.br\/wp-content\/uploads\/2022\/10\/WhatsApp-Image-2022-03-07-at-09.16.32-150x150.jpeg\" alt=\"\" loading=\"lazy\"><\/a><\/figure>\n<h2>Eucalipto Tratado<\/h2>\n<p>O&nbsp;Eucalipto tratado&nbsp;\u00e9 uma madeira limpa e seca, portanto \u00e9 livre de odores. \u00c9 importante ressaltar que o tratamento do&nbsp;Eucalipto&nbsp;n\u00e3o traz nenhum dano ambiental e todo o produto qu\u00edmico usado \u00e9 recicl\u00e1vel.<\/p>\n<figure class=\"gallery-item\">\n\t\t\t\t<a data-elementor-open-lightbox=\"yes\" data-elementor-lightbox-slideshow=\"f4f8511\" data-elementor-lightbox-title=\"WhatsApp Image 2022-03-07 at 09.18.06\" e-action-hash=\"#elementor-action%3Aaction%3Dlightbox%26settings%3DeyJpZCI6MjA4OCwidXJsIjoiaHR0cHM6XC9cL3d3dy5tYWRlaXJlaXJhYm9pdHV2YS5jb20uYnJcL3dwLWNvbnRlbnRcL3VwbG9hZHNcLzIwMjJcLzEwXC9XaGF0c0FwcC1JbWFnZS0yMDIyLTAzLTA3LWF0LTA5LjE4LjA2LmpwZWciLCJzbGlkZXNob3ciOiJmNGY4NTExIn0%3D\" href=\"https:\/\/www.madeireiraboituva.com.br\/wp-content\/uploads\/2022\/10\/WhatsApp-Image-2022-03-07-at-09.18.06.jpeg\"><img decoding=\"async\" width=\"150\" height=\"150\" src=\"https:\/\/www.madeireiraboituva.com.br\/wp-content\/uploads\/2022\/10\/WhatsApp-Image-2022-03-07-at-09.18.06-150x150.jpeg\" alt=\"\" loading=\"lazy\"><\/a><\/figure>\n<figure class=\"gallery-item\">\n\t\t\t\t<a data-elementor-open-lightbox=\"yes\" data-elementor-lightbox-slideshow=\"f4f8511\" data-elementor-lightbox-title=\"WhatsApp Image 2022-03-07 at 09.18.34\" e-action-hash=\"#elementor-action%3Aaction%3Dlightbox%26settings%3DeyJpZCI6MjA4OSwidXJsIjoiaHR0cHM6XC9cL3d3dy5tYWRlaXJlaXJhYm9pdHV2YS5jb20uYnJcL3dwLWNvbnRlbnRcL3VwbG9hZHNcLzIwMjJcLzEwXC9XaGF0c0FwcC1JbWFnZS0yMDIyLTAzLTA3LWF0LTA5LjE4LjM0LmpwZWciLCJzbGlkZXNob3ciOiJmNGY4NTExIn0%3D\" href=\"https:\/\/www.madeireiraboituva.com.br\/wp-content\/uploads\/2022\/10\/WhatsApp-Image-2022-03-07-at-09.18.34.jpeg\"><img decoding=\"async\" width=\"150\" height=\"150\" src=\"https:\/\/www.madeireiraboituva.com.br\/wp-content\/uploads\/2022\/10\/WhatsApp-Image-2022-03-07-at-09.18.34-150x150.jpeg\" alt=\"\" loading=\"lazy\"><\/a><\/figure>\n<h2>Sarrafo de Pinus<\/h2>\n<p>Esse material \u00e9 usado no chamado madeiramento do telhado, etapa da obra que constitui a estrutura dessa parte da casa. Os&nbsp;sarrafos&nbsp;basicamente tem a responsabilidade de suportar a telha e, por serem produtos mais robustos, podem ser usados para a coloca\u00e7\u00e3o de telhas mais pesadas.<\/p>\n<figure class=\"gallery-item\">\n\t\t\t\t<a data-elementor-open-lightbox=\"yes\" data-elementor-lightbox-slideshow=\"454a8f6\" data-elementor-lightbox-title=\"WhatsApp Image 2022-03-07 at 09.19.20\" e-action-hash=\"#elementor-action%3Aaction%3Dlightbox%26settings%3DeyJpZCI6MjA5MCwidXJsIjoiaHR0cHM6XC9cL3d3dy5tYWRlaXJlaXJhYm9pdHV2YS5jb20uYnJcL3dwLWNvbnRlbnRcL3VwbG9hZHNcLzIwMjJcLzEwXC9XaGF0c0FwcC1JbWFnZS0yMDIyLTAzLTA3LWF0LTA5LjE5LjIwLmpwZWciLCJzbGlkZXNob3ciOiI0NTRhOGY2In0%3D\" href=\"https:\/\/www.madeireiraboituva.com.br\/wp-content\/uploads\/2022\/10\/WhatsApp-Image-2022-03-07-at-09.19.20.jpeg\"><img decoding=\"async\" width=\"150\" height=\"150\" src=\"https:\/\/www.madeireiraboituva.com.br\/wp-content\/uploads\/2022\/10\/WhatsApp-Image-2022-03-07-at-09.19.20-150x150.jpeg\" alt=\"\" loading=\"lazy\"><\/a><\/figure>\n<h2>T\u00e1bua de Pinus<\/h2>\n<p>T\u00e1buas&nbsp;s\u00e3o usadas como base dos andaimes, fazendo as vezes de tampo para as \u201cmesas\u201d que&nbsp;servem&nbsp;de apoio para latas de tintas e para outros materiais. As&nbsp;t\u00e1buas&nbsp;tamb\u00e9m s\u00e3o muito \u00fateis na hora de encher as vigas e as colunas (estruturas da casa) de concreto.<\/p>\n<figure class=\"gallery-item\">\n\t\t\t\t<a data-elementor-open-lightbox=\"yes\" data-elementor-lightbox-slideshow=\"e2ca77b\" data-elementor-lightbox-title=\"WhatsApp Image 2022-03-07 at 09.19.11\" e-action-hash=\"#elementor-action%3Aaction%3Dlightbox%26settings%3DeyJpZCI6MjA5MiwidXJsIjoiaHR0cHM6XC9cL3d3dy5tYWRlaXJlaXJhYm9pdHV2YS5jb20uYnJcL3dwLWNvbnRlbnRcL3VwbG9hZHNcLzIwMjJcLzEwXC9XaGF0c0FwcC1JbWFnZS0yMDIyLTAzLTA3LWF0LTA5LjE5LjExLmpwZWciLCJzbGlkZXNob3ciOiJlMmNhNzdiIn0%3D\" href=\"https:\/\/www.madeireiraboituva.com.br\/wp-content\/uploads\/2022\/10\/WhatsApp-Image-2022-03-07-at-09.19.11.jpeg\"><img decoding=\"async\" width=\"150\" height=\"150\" src=\"https:\/\/www.madeireiraboituva.com.br\/wp-content\/uploads\/2022\/10\/WhatsApp-Image-2022-03-07-at-09.19.11-150x150.jpeg\" alt=\"\" loading=\"lazy\"><\/a><\/figure>\n<h2>Tabuas de Cedrinho<\/h2>\n<p>O&nbsp;Cedrinho&nbsp;\u00e9 uma madeira muito procurada para obras da constru\u00e7\u00e3o civil. Caracteriza-se pela tonalidade avermelhada. Possui uma certa maleabilidade, embora seja uma madeira bem resistente.<\/p>\n<figure class=\"gallery-item\">\n\t\t\t\t<a data-elementor-open-lightbox=\"yes\" data-elementor-lightbox-slideshow=\"59d9572\" data-elementor-lightbox-title=\"WhatsApp Image 2022-03-07 at 09.21.17\" e-action-hash=\"#elementor-action%3Aaction%3Dlightbox%26settings%3DeyJpZCI6MjA5NiwidXJsIjoiaHR0cHM6XC9cL3d3dy5tYWRlaXJlaXJhYm9pdHV2YS5jb20uYnJcL3dwLWNvbnRlbnRcL3VwbG9hZHNcLzIwMjJcLzEwXC9XaGF0c0FwcC1JbWFnZS0yMDIyLTAzLTA3LWF0LTA5LjIxLjE3LmpwZWciLCJzbGlkZXNob3ciOiI1OWQ5NTcyIn0%3D\" href=\"https:\/\/www.madeireiraboituva.com.br\/wp-content\/uploads\/2022\/10\/WhatsApp-Image-2022-03-07-at-09.21.17.jpeg\"><img decoding=\"async\" width=\"150\" height=\"150\" src=\"https:\/\/www.madeireiraboituva.com.br\/wp-content\/uploads\/2022\/10\/WhatsApp-Image-2022-03-07-at-09.21.17-150x150.jpeg\" alt=\"\" loading=\"lazy\" srcset=\"https:\/\/www.madeireiraboituva.com.br\/wp-content\/uploads\/2022\/10\/WhatsApp-Image-2022-03-07-at-09.21.17-150x150.jpeg 150w, https:\/\/www.madeireiraboituva.com.br\/wp-content\/uploads\/2022\/10\/WhatsApp-Image-2022-03-07-at-09.21.17-300x300.jpeg 300w, https:\/\/www.madeireiraboituva.com.br\/wp-content\/uploads\/2022\/10\/WhatsApp-Image-2022-03-07-at-09.21.17.jpeg 500w\" sizes=\"auto, (max-width: 150px) 100vw, 150px\"><\/a><\/figure>\n","protected":false},"excerpt":{"rendered":"<p>Madeiramento em Cupiuba A&nbsp;madeira cupi\u00faba&nbsp;\u00e9 bastante conhecida como peroba do norte, principalmente na regi\u00e3o do estado do Mato Grosso. No Maranh\u00e3o \u00e9 conhecida por cachaceiro. Ainda pode ser encontrada pelos nomes: copi\u00faba,&nbsp;cupi\u00faba-rosa, peroba-vermelha e peniqueiro. Madeiramento em Cambar\u00e1 A madeira cambar\u00e1 \u00e9 um tipo de madeira muito conhecida pela sua resist\u00eancia \u00e0 \u00e1gua e climas [&hellip;]<\/p>\n","protected":false},"author":1,"featured_media":0,"parent":0,"menu_order":0,"comment_status":"closed","ping_status":"closed","template":"","meta":{"_joinchat":[],"footnotes":""},"class_list":["post-1810","page","type-page","status-publish","hentry"],"jetpack_sharing_enabled":true,"_links":{"self":[{"href":"https:\/\/www.madeireiraboituva.com.br\/index.php\/wp-json\/wp\/v2\/pages\/1810","targetHints":{"allow":["GET"]}}],"collection":[{"href":"https:\/\/www.madeireiraboituva.com.br\/index.php\/wp-json\/wp\/v2\/pages"}],"about":[{"href":"https:\/\/www.madeireiraboituva.com.br\/index.php\/wp-json\/wp\/v2\/types\/page"}],"author":[{"embeddable":true,"href":"https:\/\/www.madeireiraboituva.com.br\/index.php\/wp-json\/wp\/v2\/users\/1"}],"replies":[{"embeddable":true,"href":"https:\/\/www.madeireiraboituva.com.br\/index.php\/wp-json\/wp\/v2\/comments?post=1810"}],"version-history":[{"count":20,"href":"https:\/\/www.madeireiraboituva.com.br\/index.php\/wp-json\/wp\/v2\/pages\/1810\/revisions"}],"predecessor-version":[{"id":2166,"href":"https:\/\/www.madeireiraboituva.com.br\/index.php\/wp-json\/wp\/v2\/pages\/1810\/revisions\/2166"}],"wp:attachment":[{"href":"https:\/\/www.madeireiraboituva.com.br\/index.php\/wp-json\/wp\/v2\/media?parent=1810"}],"curies":[{"name":"wp","href":"https:\/\/api.w.org\/{rel}","templated":true}]}}