{"id":1803,"date":"2022-10-10T13:51:29","date_gmt":"2022-10-10T16:51:29","guid":{"rendered":"https:\/\/www.madeireiraboituva.com.br\/?page_id=1803"},"modified":"2022-10-11T08:54:04","modified_gmt":"2022-10-11T11:54:04","slug":"quem-somos","status":"publish","type":"page","link":"https:\/\/www.madeireiraboituva.com.br\/index.php\/quem-somos\/","title":{"rendered":"Quem Somos"},"content":{"rendered":"<style>\/*! elementor - v3.7.8 - 02-10-2022 *\/<br \/>\n.elementor-heading-title{padding:0;margin:0;line-height:1}.elementor-widget-heading .elementor-heading-title[class*=elementor-size-]>a{color:inherit;font-size:inherit;line-height:inherit}.elementor-widget-heading .elementor-heading-title.elementor-size-small{font-size:15px}.elementor-widget-heading .elementor-heading-title.elementor-size-medium{font-size:19px}.elementor-widget-heading .elementor-heading-title.elementor-size-large{font-size:29px}.elementor-widget-heading .elementor-heading-title.elementor-size-xl{font-size:39px}.elementor-widget-heading .elementor-heading-title.elementor-size-xxl{font-size:59px}<\/style>\n<h2>Quem Somos<\/h2>\n<p>Iniciando suas atividades em meados 2.013, a <strong>MADEIREIRA<\/strong> <strong>BOITUVA<\/strong>, &nbsp;desde ent\u00e3o buscar &nbsp;atender aos nossos clientes amigos e parceiros comerciais sempre da melhor forma.<\/p>\n<p>Sendo uma empresa voltada para a comercializa\u00e7\u00e3o de madeiramento em geral desde o alicerce ao telhado de sua obra.<\/p>\n<p>Trabalhamos com&nbsp; vigamentos em geral de Cupiuba, Cambar\u00e1&nbsp; brutos e aparelhados, madeirites plastificados e fen\u00f3licos ,tabuados de pinus e cedrinho brutos e aparelhado, portas, batentes, guarni\u00e7\u00f5es, fechaduras, ferragens em geral.<\/p>\n<p>M\u00f3veis r\u00fasticos a pronta entrega e sob encomenda<\/p>\n<p>Entregamos em toda nossa Regi\u00e3o.<\/p>\n","protected":false},"excerpt":{"rendered":"<p>Quem Somos Iniciando suas atividades em meados 2.013, a MADEIREIRA BOITUVA, &nbsp;desde ent\u00e3o buscar &nbsp;atender aos nossos clientes amigos e parceiros comerciais sempre da melhor forma. Sendo uma empresa voltada para a comercializa\u00e7\u00e3o de madeiramento em geral desde o alicerce ao telhado de sua obra. Trabalhamos com&nbsp; vigamentos em geral de Cupiuba, Cambar\u00e1&nbsp; brutos e [&hellip;]<\/p>\n","protected":false},"author":1,"featured_media":0,"parent":0,"menu_order":0,"comment_status":"closed","ping_status":"closed","template":"","meta":{"_joinchat":[],"footnotes":""},"class_list":["post-1803","page","type-page","status-publish","hentry"],"jetpack_sharing_enabled":true,"_links":{"self":[{"href":"https:\/\/www.madeireiraboituva.com.br\/index.php\/wp-json\/wp\/v2\/pages\/1803","targetHints":{"allow":["GET"]}}],"collection":[{"href":"https:\/\/www.madeireiraboituva.com.br\/index.php\/wp-json\/wp\/v2\/pages"}],"about":[{"href":"https:\/\/www.madeireiraboituva.com.br\/index.php\/wp-json\/wp\/v2\/types\/page"}],"author":[{"embeddable":true,"href":"https:\/\/www.madeireiraboituva.com.br\/index.php\/wp-json\/wp\/v2\/users\/1"}],"replies":[{"embeddable":true,"href":"https:\/\/www.madeireiraboituva.com.br\/index.php\/wp-json\/wp\/v2\/comments?post=1803"}],"version-history":[{"count":5,"href":"https:\/\/www.madeireiraboituva.com.br\/index.php\/wp-json\/wp\/v2\/pages\/1803\/revisions"}],"predecessor-version":[{"id":2165,"href":"https:\/\/www.madeireiraboituva.com.br\/index.php\/wp-json\/wp\/v2\/pages\/1803\/revisions\/2165"}],"wp:attachment":[{"href":"https:\/\/www.madeireiraboituva.com.br\/index.php\/wp-json\/wp\/v2\/media?parent=1803"}],"curies":[{"name":"wp","href":"https:\/\/api.w.org\/{rel}","templated":true}]}}